{"id":1620,"date":"2018-03-20T16:12:48","date_gmt":"2018-03-20T15:12:48","guid":{"rendered":"https:\/\/wise-stone.com\/last-news\/"},"modified":"2025-03-22T10:29:27","modified_gmt":"2025-03-22T09:29:27","slug":"last-news","status":"publish","type":"page","link":"https:\/\/wise-stone.com\/fr\/last-news\/","title":{"rendered":"Latest articles"},"content":{"rendered":"","protected":false},"excerpt":{"rendered":"","protected":false},"author":1,"featured_media":0,"parent":0,"menu_order":0,"comment_status":"closed","ping_status":"closed","template":"last-news.php","meta":{"_mi_skip_tracking":false,"_exactmetrics_sitenote_active":false,"_exactmetrics_sitenote_note":"","_exactmetrics_sitenote_category":0},"acf":[],"yoast_head":"<!-- This site is optimized with the Yoast SEO plugin v21.8.1 - https:\/\/yoast.com\/wordpress\/plugins\/seo\/ -->\n<title>WISE STONE | Chasseurs immobiliers Paris &amp; France | A vos c\u00f4t\u00e9s<\/title>\n<meta name=\"description\" content=\"As an experienced agile property hunters organization, Wise Stone provides all needed accompaniments for your real estate project, for own use or investment.\" \/>\n<meta name=\"robots\" content=\"index, follow, max-snippet:-1, max-image-preview:large, max-video-preview:-1\" \/>\n<link rel=\"canonical\" href=\"https:\/\/wise-stone.com\/fr\/last-news\/\" \/>\n<meta property=\"og:locale\" content=\"fr_FR\" \/>\n<meta property=\"og:type\" content=\"article\" \/>\n<meta property=\"og:title\" content=\"WISE STONE | Chasseurs immobiliers Paris &amp; France | A vos c\u00f4t\u00e9s\" \/>\n<meta property=\"og:description\" content=\"As an experienced agile property hunters organization, Wise Stone provides all needed accompaniments for your real estate project, for own use or investment.\" \/>\n<meta property=\"og:url\" content=\"https:\/\/wise-stone.com\/fr\/last-news\/\" \/>\n<meta property=\"og:site_name\" content=\"WISE STONE | Chasseurs immobiliers Paris &amp; France | A vos c\u00f4t\u00e9s\" \/>\n<meta property=\"article:modified_time\" content=\"2025-03-22T09:29:27+00:00\" \/>\n<meta name=\"twitter:card\" content=\"summary_large_image\" \/>\n<script type=\"application\/ld+json\" class=\"yoast-schema-graph\">{\"@context\":\"https:\/\/schema.org\",\"@graph\":[{\"@type\":\"WebPage\",\"@id\":\"https:\/\/wise-stone.com\/fr\/last-news\/\",\"url\":\"https:\/\/wise-stone.com\/fr\/last-news\/\",\"name\":\"WISE STONE | Chasseurs immobiliers Paris & France | A vos c\u00f4t\u00e9s\",\"isPartOf\":{\"@id\":\"https:\/\/wise-stone.com\/fr\/#website\"},\"datePublished\":\"2018-03-20T15:12:48+00:00\",\"dateModified\":\"2025-03-22T09:29:27+00:00\",\"description\":\"As an experienced agile property hunters organization, Wise Stone provides all needed accompaniments for your real estate project, for own use or investment.\",\"breadcrumb\":{\"@id\":\"https:\/\/wise-stone.com\/fr\/last-news\/#breadcrumb\"},\"inLanguage\":\"fr-FR\",\"potentialAction\":[{\"@type\":\"ReadAction\",\"target\":[\"https:\/\/wise-stone.com\/fr\/last-news\/\"]}]},{\"@type\":\"BreadcrumbList\",\"@id\":\"https:\/\/wise-stone.com\/fr\/last-news\/#breadcrumb\",\"itemListElement\":[{\"@type\":\"ListItem\",\"position\":1,\"name\":\"Accueil\",\"item\":\"https:\/\/wise-stone.com\/fr\/\"},{\"@type\":\"ListItem\",\"position\":2,\"name\":\"Latest articles\"}]},{\"@type\":\"WebSite\",\"@id\":\"https:\/\/wise-stone.com\/fr\/#website\",\"url\":\"https:\/\/wise-stone.com\/fr\/\",\"name\":\"WISE STONE | Chasseurs immobiliers Paris & France | A vos c\u00f4t\u00e9s\",\"description\":\"WISE STONE est une organisation de chasseurs immobiliers agiles et exp\u00e9riment\u00e9s, qui assurent tous les services n\u00e9cessaires pour r\u00e9ussir votre projet immobilier, pour votre votre usage ou pour investir.\",\"publisher\":{\"@id\":\"https:\/\/wise-stone.com\/fr\/#organization\"},\"potentialAction\":[{\"@type\":\"SearchAction\",\"target\":{\"@type\":\"EntryPoint\",\"urlTemplate\":\"https:\/\/wise-stone.com\/fr\/?s={search_term_string}\"},\"query-input\":\"required name=search_term_string\"}],\"inLanguage\":\"fr-FR\"},{\"@type\":\"Organization\",\"@id\":\"https:\/\/wise-stone.com\/fr\/#organization\",\"name\":\"Wisestone\",\"url\":\"https:\/\/wise-stone.com\/fr\/\",\"logo\":{\"@type\":\"ImageObject\",\"inLanguage\":\"fr-FR\",\"@id\":\"https:\/\/wise-stone.com\/fr\/#\/schema\/logo\/image\/\",\"url\":\"https:\/\/wise-stone.com\/wp-content\/uploads\/2018\/06\/01_Logo-min.png\",\"contentUrl\":\"https:\/\/wise-stone.com\/wp-content\/uploads\/2018\/06\/01_Logo-min.png\",\"width\":358,\"height\":100,\"caption\":\"Wisestone\"},\"image\":{\"@id\":\"https:\/\/wise-stone.com\/fr\/#\/schema\/logo\/image\/\"}}]}<\/script>\n<!-- \/ Yoast SEO plugin. -->","yoast_head_json":{"title":"WISE STONE | Chasseurs immobiliers Paris & France | A vos c\u00f4t\u00e9s","description":"As an experienced agile property hunters organization, Wise Stone provides all needed accompaniments for your real estate project, for own use or investment.","robots":{"index":"index","follow":"follow","max-snippet":"max-snippet:-1","max-image-preview":"max-image-preview:large","max-video-preview":"max-video-preview:-1"},"canonical":"https:\/\/wise-stone.com\/fr\/last-news\/","og_locale":"fr_FR","og_type":"article","og_title":"WISE STONE | Chasseurs immobiliers Paris & France | A vos c\u00f4t\u00e9s","og_description":"As an experienced agile property hunters organization, Wise Stone provides all needed accompaniments for your real estate project, for own use or investment.","og_url":"https:\/\/wise-stone.com\/fr\/last-news\/","og_site_name":"WISE STONE | Chasseurs immobiliers Paris & France | A vos c\u00f4t\u00e9s","article_modified_time":"2025-03-22T09:29:27+00:00","twitter_card":"summary_large_image","schema":{"@context":"https:\/\/schema.org","@graph":[{"@type":"WebPage","@id":"https:\/\/wise-stone.com\/fr\/last-news\/","url":"https:\/\/wise-stone.com\/fr\/last-news\/","name":"WISE STONE | Chasseurs immobiliers Paris & France | A vos c\u00f4t\u00e9s","isPartOf":{"@id":"https:\/\/wise-stone.com\/fr\/#website"},"datePublished":"2018-03-20T15:12:48+00:00","dateModified":"2025-03-22T09:29:27+00:00","description":"As an experienced agile property hunters organization, Wise Stone provides all needed accompaniments for your real estate project, for own use or investment.","breadcrumb":{"@id":"https:\/\/wise-stone.com\/fr\/last-news\/#breadcrumb"},"inLanguage":"fr-FR","potentialAction":[{"@type":"ReadAction","target":["https:\/\/wise-stone.com\/fr\/last-news\/"]}]},{"@type":"BreadcrumbList","@id":"https:\/\/wise-stone.com\/fr\/last-news\/#breadcrumb","itemListElement":[{"@type":"ListItem","position":1,"name":"Accueil","item":"https:\/\/wise-stone.com\/fr\/"},{"@type":"ListItem","position":2,"name":"Latest articles"}]},{"@type":"WebSite","@id":"https:\/\/wise-stone.com\/fr\/#website","url":"https:\/\/wise-stone.com\/fr\/","name":"WISE STONE | Chasseurs immobiliers Paris & France | A vos c\u00f4t\u00e9s","description":"WISE STONE est une organisation de chasseurs immobiliers agiles et exp\u00e9riment\u00e9s, qui assurent tous les services n\u00e9cessaires pour r\u00e9ussir votre projet immobilier, pour votre votre usage ou pour investir.","publisher":{"@id":"https:\/\/wise-stone.com\/fr\/#organization"},"potentialAction":[{"@type":"SearchAction","target":{"@type":"EntryPoint","urlTemplate":"https:\/\/wise-stone.com\/fr\/?s={search_term_string}"},"query-input":"required name=search_term_string"}],"inLanguage":"fr-FR"},{"@type":"Organization","@id":"https:\/\/wise-stone.com\/fr\/#organization","name":"Wisestone","url":"https:\/\/wise-stone.com\/fr\/","logo":{"@type":"ImageObject","inLanguage":"fr-FR","@id":"https:\/\/wise-stone.com\/fr\/#\/schema\/logo\/image\/","url":"https:\/\/wise-stone.com\/wp-content\/uploads\/2018\/06\/01_Logo-min.png","contentUrl":"https:\/\/wise-stone.com\/wp-content\/uploads\/2018\/06\/01_Logo-min.png","width":358,"height":100,"caption":"Wisestone"},"image":{"@id":"https:\/\/wise-stone.com\/fr\/#\/schema\/logo\/image\/"}}]}},"_links":{"self":[{"href":"https:\/\/wise-stone.com\/fr\/wp-json\/wp\/v2\/pages\/1620"}],"collection":[{"href":"https:\/\/wise-stone.com\/fr\/wp-json\/wp\/v2\/pages"}],"about":[{"href":"https:\/\/wise-stone.com\/fr\/wp-json\/wp\/v2\/types\/page"}],"author":[{"embeddable":true,"href":"https:\/\/wise-stone.com\/fr\/wp-json\/wp\/v2\/users\/1"}],"replies":[{"embeddable":true,"href":"https:\/\/wise-stone.com\/fr\/wp-json\/wp\/v2\/comments?post=1620"}],"version-history":[{"count":1,"href":"https:\/\/wise-stone.com\/fr\/wp-json\/wp\/v2\/pages\/1620\/revisions"}],"predecessor-version":[{"id":2091,"href":"https:\/\/wise-stone.com\/fr\/wp-json\/wp\/v2\/pages\/1620\/revisions\/2091"}],"wp:attachment":[{"href":"https:\/\/wise-stone.com\/fr\/wp-json\/wp\/v2\/media?parent=1620"}],"curies":[{"name":"wp","href":"https:\/\/api.w.org\/{rel}","templated":true}]}}