{"id":1619,"date":"2018-06-18T23:40:12","date_gmt":"2018-06-18T21:40:12","guid":{"rendered":"https:\/\/wise-stone.com\/legal-notice\/"},"modified":"2025-06-25T21:12:32","modified_gmt":"2025-06-25T19:12:32","slug":"legal-notice","status":"publish","type":"page","link":"https:\/\/wise-stone.com\/fr\/legal-notice\/","title":{"rendered":"Legal notice"},"content":{"rendered":"\n<h2 class=\"wp-block-heading\">Responsable de la publication<\/h2>\n\n<p>&#99;&#x6f;n&#x74;&#x61;&#99;&#x74;&#64;&#119;&#x69;&#115;&#x65;-&#115;&#x74;o&#x6e;e&#46;&#x63;o&#x6d;<\/p>\n\n<h2 class=\"wp-block-heading\">Propri\u00e9t\u00e9<\/h2>\n\n<p>Le site wise-stone.com appartient \u00e0 la SAS 8 CAPITALS au capital de 8 888 \u20ac, situ\u00e9e au 37, rue d&rsquo;Amsterdam &#8211; 75008 Paris et est repr\u00e9sent\u00e9e par &#99;&#x6f;&#110;&#x74;&#97;&#x63;t&#x40;w&#x69;s&#101;&#x2d;&#115;&#x74;&#111;&#x6e;&#101;&#x2e;c&#x6f;m<br\/>Le site wise-stone.com ainsi que chacun des \u00e9l\u00e9ments qui le composent (dont notamment et sans que cette liste soit exhaustive, les textes, images, illustrations, logos, vid\u00e9os, marques, sons, etc.) sont la propri\u00e9t\u00e9 exclusive de l&rsquo;\u00e9diteur du site, de leurs auteurs respectifs ou de tout tiers mentionn\u00e9 par l&rsquo;\u00e9diteur du site..<br\/><br\/>Toute utilisation de ces \u00e9l\u00e9ments (y compris la reproduction, la repr\u00e9sentation, la modification, la publication, la diffusion, etc.) par quelque moyen que ce soit est soumise \u00e0 une demande d&rsquo;autorisation aupr\u00e8s de l&rsquo;\u00e9diteur du site.<\/p>\n\n<h2 class=\"wp-block-heading\">H\u00e9bergement web<\/h2>\n\n<p>Ce site est h\u00e9berg\u00e9 par OVH.<br\/>2 rue Kellerman<br\/>59100 Roubaix<br\/>RCS Lille M\u00e9tropole 424 761 419 00045<br\/>Num\u00e9ro de TVA : 22 424 761 419 FR<br\/>https:\/\/www.ovh.com\/fr<\/p>\n\n<h2 class=\"wp-block-heading\">R\u00e9dacteur en chef<\/h2>\n\n<p>Ce site, accessible \u00e0 partir de l&rsquo;URL : www.wise-stone.com est publi\u00e9 par la soci\u00e9t\u00e9 WISE STONE elle-m\u00eame<br\/><br\/><\/p>\n\n<h2 class=\"wp-block-heading\">Cr\u00e9dits<\/h2>\n\n<p>Photos : Unsplash, une plateforme de d\u00e9couverte de photos en haute d\u00e9finition, libre d&rsquo;utilisation.<br\/>Les polices de caract\u00e8res :<br\/>&#8211; Cr\u00e9dits de la police Charter utilis\u00e9e par WISE STONE : (c) Copyright 1989-1992, Bitstream Inc, Cambridge, MA. Vous \u00eates par la pr\u00e9sente autoris\u00e9, en vertu de tous les droits de propri\u00e9t\u00e9 de Bitstream, \u00e0 utiliser, copier, modifier, sous-licencier, vendre et redistribuer les polices 4 Bitstream Charter (r) Type 1 outline et les polices 4 Courier Type 1 outline pour tout usage et sans restriction ; \u00e0 condition que cet avis soit laiss\u00e9 intact sur toutes les copies de ces polices et que la marque de Bitstream soit reconnue comme indiqu\u00e9 ci-dessous sur toutes les copies non modifi\u00e9es des polices 4 Charter Type 1. BITSTREAM CHARTER est une marque d\u00e9pos\u00e9e de Bitstream Inc. Traduit avec www.DeepL.com\/Translator (version gratuite)<br\/>&#8211; Concerne : Copyright 1989-1992, Bitstream Inc, Cambridge, MA. Par la pr\u00e9sente, vous \u00eates autoris\u00e9, en vertu de tous les droits de propri\u00e9t\u00e9 de Bitstream, \u00e0 utiliser, copier, modifier, sous-licencier, vendre et redistribuer les polices de contour 4 Bitstream Charter (r) Type 1 et les polices de contour 4 Courier Type 1 pour tout usage et sans restriction ; \u00e0 condition que cet avis soit laiss\u00e9 intact sur toutes les copies de ces polices et que la marque de Bitstream soit reconnue comme indiqu\u00e9 ci-dessous sur toutes les copies non modifi\u00e9es des polices 4 Charter Type 1. BITSTREAM CHARTER est une marque d\u00e9pos\u00e9e de Bitstream Inc. Traduit avec www.DeepL.com\/Translator (version gratuite)<\/p>\n\n<h2 class=\"wp-block-heading\">Politique de protection de la vie priv\u00e9e<\/h2>\n\n<p><div class=\"legal\">&#13;\n<div class=\"legal--content\">&#13;\n<p class=\"legal--content--txt\">Responsable du traitement des donn\u00e9es : &#x63;&#x6f;&#x6e;&#x74;&#x61;&#x63;&#x74;&#x40;&#x77;&#x69;&#x73;&#x65;&#x2d;&#x73;&#116;&#111;&#110;&#101;&#46;&#99;&#111;&#109;&#13;\nPour se conformer au R\u00e8glement g\u00e9n\u00e9ral sur la protection des donn\u00e9es (GRDP) applicable en Europe \u00e0 partir du 25 mai 2018, WISE STONE a mis en place des proc\u00e9dures sp\u00e9cifiques pour assurer la confidentialit\u00e9 totale de vos donn\u00e9es, qui ne pourront \u00eatre partag\u00e9es qu&rsquo;avec les experts concern\u00e9s.<\/p>&#13;\n&#13;\n<h2 class=\"Cookies and collection of personal data\">Pr\u00e9c\u00e9dent<\/h2>&#13;\n<p class=\"legal--content--txt\">Le site wise-stone.com utilise des cookies, de petits fichiers texte qui sont plac\u00e9s sur votre machine pour aider le site \u00e0 offrir une meilleure exp\u00e9rience aux utilisateurs.&#13;\nEn g\u00e9n\u00e9ral, les cookies sont utilis\u00e9s pour conserver les pr\u00e9f\u00e9rences des utilisateurs, stocker des informations pour des choses comme les paniers d&rsquo;achat et fournir des donn\u00e9es de suivi anonymes \u00e0 des applications tierces, comme Google Analytics.&#13;\nEn r\u00e8gle g\u00e9n\u00e9rale, les cookies am\u00e9lioreront votre navigation. Toutefois, vous pouvez pr\u00e9f\u00e9rer d\u00e9sactiver les cookies sur ce site et d&rsquo;autres. Le moyen le plus efficace est de d\u00e9sactiver les cookies dans votre navigateur. Nous vous sugg\u00e9rons de consulter la section Aide de votre navigateur pour plus d&rsquo;informations.&#13;\nLes donn\u00e9es personnelles que nous recueillons (nom, pr\u00e9nom et courriel), proviennent exclusivement de la divulgation volontaire d&rsquo;informations lors du d\u00e9p\u00f4t de votre demande de prise de contact.&#13;\nToutes les donn\u00e9es collect\u00e9es seront stock\u00e9es et trait\u00e9es de mani\u00e8re \u00e0 garantir une s\u00e9curit\u00e9 appropri\u00e9e.&#13;\nAucune de vos donn\u00e9es personnelles ne sera transmise \u00e0 une tierce partie, sans votre accord.&#13;\nConform\u00e9ment aux dispositions de la loi n\u00b0 78-17 du 6 janvier 1978 relative \u00e0 l&rsquo;informatique, aux fichiers et aux libert\u00e9s, vous disposez d&rsquo;un droit d&rsquo;acc\u00e8s, de modification, de rectification et de suppression des donn\u00e9es qui vous concernent. Pour exercer vos droits, vous devez nous contacter \u00e0 l&rsquo;adresse de contact : c&#111;&#110;&#x74;&#x61;c&#116;&#64;&#x77;&#x69;&#x73;e&#45;&#115;&#x74;&#x6f;ne&#46;&#x63;&#x6f;&#x6d;.&#13;\nPour toutes vos collaborations avec WISE STONE, les donn\u00e9es collect\u00e9es seront par d\u00e9faut stock\u00e9es et jointes \u00e0 l&rsquo;archivage de votre dossier client. Nous mettons en \u0153uvre les mesures techniques n\u00e9cessaires pour prot\u00e9ger la confidentialit\u00e9 des informations et pour assurer la protection contre la perte, l&rsquo;acc\u00e8s non autoris\u00e9 par des tiers et les alt\u00e9rations frauduleuses.<\/p>&#13;\n&#13;\n<\/div><br\/><\/div><\/p>\n\n<h2 class=\"wp-block-heading\">Cookies and collection of personal data<\/h2>\n\n<p><p class=\"legal--content--txt\">Responsable du traitement des donn\u00e9es : &#x63;&#x6f;&#x6e;&#x74;&#x61;&#x63;&#116;&#64;&#119;&#105;se-s&#x74;&#x6f;&#x6e;&#x65;&#x2e;&#x63;&#111;&#109;&#13;\nPour se conformer au R\u00e8glement g\u00e9n\u00e9ral sur la protection des donn\u00e9es (GRDP) applicable en Europe \u00e0 partir du 25 mai 2018, WISE STONE a mis en place des proc\u00e9dures sp\u00e9cifiques pour assurer la confidentialit\u00e9 totale de vos donn\u00e9es, qui ne pourront \u00eatre partag\u00e9es qu&rsquo;avec les experts concern\u00e9s.<\/p><br\/><br\/><h2 class=\"Cookies and collection of personal data\">Pr\u00e9c\u00e9dent<\/h2><br\/><p class=\"legal--content--txt\">Le site wise-stone.com utilise des cookies, de petits fichiers texte qui sont plac\u00e9s sur votre machine pour aider le site \u00e0 offrir une meilleure exp\u00e9rience aux utilisateurs.&#13;\nEn g\u00e9n\u00e9ral, les cookies sont utilis\u00e9s pour conserver les pr\u00e9f\u00e9rences des utilisateurs, stocker des informations pour des choses comme les paniers d&rsquo;achat et fournir des donn\u00e9es de suivi anonymes \u00e0 des applications tierces, comme Google Analytics.&#13;\nEn r\u00e8gle g\u00e9n\u00e9rale, les cookies am\u00e9lioreront votre navigation. Toutefois, vous pouvez pr\u00e9f\u00e9rer d\u00e9sactiver les cookies sur ce site et d&rsquo;autres. Le moyen le plus efficace est de d\u00e9sactiver les cookies dans votre navigateur. Nous vous sugg\u00e9rons de consulter la section Aide de votre navigateur pour plus d&rsquo;informations.&#13;\nLes donn\u00e9es personnelles que nous recueillons (nom, pr\u00e9nom et courriel), proviennent exclusivement de la divulgation volontaire d&rsquo;informations lors du d\u00e9p\u00f4t de votre demande de prise de contact.&#13;\nToutes les donn\u00e9es collect\u00e9es seront stock\u00e9es et trait\u00e9es de mani\u00e8re \u00e0 garantir une s\u00e9curit\u00e9 appropri\u00e9e.&#13;\nAucune de vos donn\u00e9es personnelles ne sera transmise \u00e0 une tierce partie, sans votre accord.&#13;\nConform\u00e9ment aux dispositions de la loi n\u00b0 78-17 du 6 janvier 1978 relative \u00e0 l&rsquo;informatique, aux fichiers et aux libert\u00e9s, vous disposez d&rsquo;un droit d&rsquo;acc\u00e8s, de modification, de rectification et de suppression des donn\u00e9es qui vous concernent. Pour exercer vos droits, vous devez nous contacter \u00e0 l&rsquo;adresse de contact : &#x63;&#111;&#x6e;&#x74;a&#x63;&#116;&#64;&#x77;&#105;s&#x65;&#45;&#x73;&#x74;o&#x6e;&#101;&#46;&#x63;&#111;m.&#13;\nPour toutes vos collaborations avec WISE STONE, les donn\u00e9es collect\u00e9es seront par d\u00e9faut stock\u00e9es et jointes \u00e0 l&rsquo;archivage de votre dossier client. Nous mettons en \u0153uvre les mesures techniques n\u00e9cessaires pour prot\u00e9ger la confidentialit\u00e9 des informations et pour assurer la protection contre la perte, l&rsquo;acc\u00e8s non autoris\u00e9 par des tiers et les alt\u00e9rations frauduleuses.<\/p><\/p>\n","protected":false},"excerpt":{"rendered":"<p>Responsable de la publication &#x63;&#111;n&#x74;&#x61;&#99;t&#x40;&#x77;&#105;s&#x65;&#x2d;&#115;t&#x6f;&#x6e;&#101;&#46;&#x63;&#111;&#109; Propri\u00e9t\u00e9 Le site wise-stone.com appartient \u00e0 la SAS 8 CAPITALS au capital de 8 888 \u20ac, situ\u00e9e au 37, rue [&hellip;]<\/p>\n","protected":false},"author":1,"featured_media":0,"parent":0,"menu_order":0,"comment_status":"closed","ping_status":"closed","template":"legal-notice.php","meta":{"_mi_skip_tracking":false,"_exactmetrics_sitenote_active":false,"_exactmetrics_sitenote_note":"","_exactmetrics_sitenote_category":0},"acf":[],"yoast_head":"<!-- This site is optimized with the Yoast SEO plugin v21.8.1 - https:\/\/yoast.com\/wordpress\/plugins\/seo\/ -->\n<title>WISE STONE | Chasseurs immobiliers Paris &amp; France | A vos c\u00f4t\u00e9s<\/title>\n<meta name=\"description\" content=\"As an experienced agile property hunters organization, Wise Stone provides all needed accompaniments for your real estate project, for own use or investment.\" \/>\n<meta name=\"robots\" content=\"index, follow, max-snippet:-1, max-image-preview:large, max-video-preview:-1\" \/>\n<link rel=\"canonical\" href=\"https:\/\/wise-stone.com\/fr\/legal-notice\/\" \/>\n<meta property=\"og:locale\" content=\"fr_FR\" \/>\n<meta property=\"og:type\" content=\"article\" \/>\n<meta property=\"og:title\" content=\"WISE STONE | Chasseurs immobiliers Paris &amp; France | A vos c\u00f4t\u00e9s\" \/>\n<meta property=\"og:description\" content=\"As an experienced agile property hunters organization, Wise Stone provides all needed accompaniments for your real estate project, for own use or investment.\" \/>\n<meta property=\"og:url\" content=\"https:\/\/wise-stone.com\/fr\/legal-notice\/\" \/>\n<meta property=\"og:site_name\" content=\"WISE STONE | Chasseurs immobiliers Paris &amp; France | A vos c\u00f4t\u00e9s\" \/>\n<meta property=\"article:modified_time\" content=\"2025-06-25T19:12:32+00:00\" \/>\n<meta name=\"twitter:card\" content=\"summary_large_image\" \/>\n<meta name=\"twitter:label1\" content=\"Dur\u00e9e de lecture estim\u00e9e\" \/>\n\t<meta name=\"twitter:data1\" content=\"4 minutes\" \/>\n<script type=\"application\/ld+json\" class=\"yoast-schema-graph\">{\"@context\":\"https:\/\/schema.org\",\"@graph\":[{\"@type\":\"WebPage\",\"@id\":\"https:\/\/wise-stone.com\/fr\/legal-notice\/\",\"url\":\"https:\/\/wise-stone.com\/fr\/legal-notice\/\",\"name\":\"WISE STONE | Chasseurs immobiliers Paris & France | A vos c\u00f4t\u00e9s\",\"isPartOf\":{\"@id\":\"https:\/\/wise-stone.com\/fr\/#website\"},\"datePublished\":\"2018-06-18T21:40:12+00:00\",\"dateModified\":\"2025-06-25T19:12:32+00:00\",\"description\":\"As an experienced agile property hunters organization, Wise Stone provides all needed accompaniments for your real estate project, for own use or investment.\",\"breadcrumb\":{\"@id\":\"https:\/\/wise-stone.com\/fr\/legal-notice\/#breadcrumb\"},\"inLanguage\":\"fr-FR\",\"potentialAction\":[{\"@type\":\"ReadAction\",\"target\":[\"https:\/\/wise-stone.com\/fr\/legal-notice\/\"]}]},{\"@type\":\"BreadcrumbList\",\"@id\":\"https:\/\/wise-stone.com\/fr\/legal-notice\/#breadcrumb\",\"itemListElement\":[{\"@type\":\"ListItem\",\"position\":1,\"name\":\"Accueil\",\"item\":\"https:\/\/wise-stone.com\/fr\/\"},{\"@type\":\"ListItem\",\"position\":2,\"name\":\"Legal notice\"}]},{\"@type\":\"WebSite\",\"@id\":\"https:\/\/wise-stone.com\/fr\/#website\",\"url\":\"https:\/\/wise-stone.com\/fr\/\",\"name\":\"WISE STONE | Chasseurs immobiliers Paris & France | A vos c\u00f4t\u00e9s\",\"description\":\"WISE STONE est une organisation de chasseurs immobiliers agiles et exp\u00e9riment\u00e9s, qui assurent tous les services n\u00e9cessaires pour r\u00e9ussir votre projet immobilier, pour votre votre usage ou pour investir.\",\"publisher\":{\"@id\":\"https:\/\/wise-stone.com\/fr\/#organization\"},\"potentialAction\":[{\"@type\":\"SearchAction\",\"target\":{\"@type\":\"EntryPoint\",\"urlTemplate\":\"https:\/\/wise-stone.com\/fr\/?s={search_term_string}\"},\"query-input\":\"required name=search_term_string\"}],\"inLanguage\":\"fr-FR\"},{\"@type\":\"Organization\",\"@id\":\"https:\/\/wise-stone.com\/fr\/#organization\",\"name\":\"Wisestone\",\"url\":\"https:\/\/wise-stone.com\/fr\/\",\"logo\":{\"@type\":\"ImageObject\",\"inLanguage\":\"fr-FR\",\"@id\":\"https:\/\/wise-stone.com\/fr\/#\/schema\/logo\/image\/\",\"url\":\"https:\/\/wise-stone.com\/wp-content\/uploads\/2018\/06\/01_Logo-min.png\",\"contentUrl\":\"https:\/\/wise-stone.com\/wp-content\/uploads\/2018\/06\/01_Logo-min.png\",\"width\":358,\"height\":100,\"caption\":\"Wisestone\"},\"image\":{\"@id\":\"https:\/\/wise-stone.com\/fr\/#\/schema\/logo\/image\/\"}}]}<\/script>\n<!-- \/ Yoast SEO plugin. -->","yoast_head_json":{"title":"WISE STONE | Chasseurs immobiliers Paris & France | A vos c\u00f4t\u00e9s","description":"As an experienced agile property hunters organization, Wise Stone provides all needed accompaniments for your real estate project, for own use or investment.","robots":{"index":"index","follow":"follow","max-snippet":"max-snippet:-1","max-image-preview":"max-image-preview:large","max-video-preview":"max-video-preview:-1"},"canonical":"https:\/\/wise-stone.com\/fr\/legal-notice\/","og_locale":"fr_FR","og_type":"article","og_title":"WISE STONE | Chasseurs immobiliers Paris & France | A vos c\u00f4t\u00e9s","og_description":"As an experienced agile property hunters organization, Wise Stone provides all needed accompaniments for your real estate project, for own use or investment.","og_url":"https:\/\/wise-stone.com\/fr\/legal-notice\/","og_site_name":"WISE STONE | Chasseurs immobiliers Paris & France | A vos c\u00f4t\u00e9s","article_modified_time":"2025-06-25T19:12:32+00:00","twitter_card":"summary_large_image","twitter_misc":{"Dur\u00e9e de lecture estim\u00e9e":"4 minutes"},"schema":{"@context":"https:\/\/schema.org","@graph":[{"@type":"WebPage","@id":"https:\/\/wise-stone.com\/fr\/legal-notice\/","url":"https:\/\/wise-stone.com\/fr\/legal-notice\/","name":"WISE STONE | Chasseurs immobiliers Paris & France | A vos c\u00f4t\u00e9s","isPartOf":{"@id":"https:\/\/wise-stone.com\/fr\/#website"},"datePublished":"2018-06-18T21:40:12+00:00","dateModified":"2025-06-25T19:12:32+00:00","description":"As an experienced agile property hunters organization, Wise Stone provides all needed accompaniments for your real estate project, for own use or investment.","breadcrumb":{"@id":"https:\/\/wise-stone.com\/fr\/legal-notice\/#breadcrumb"},"inLanguage":"fr-FR","potentialAction":[{"@type":"ReadAction","target":["https:\/\/wise-stone.com\/fr\/legal-notice\/"]}]},{"@type":"BreadcrumbList","@id":"https:\/\/wise-stone.com\/fr\/legal-notice\/#breadcrumb","itemListElement":[{"@type":"ListItem","position":1,"name":"Accueil","item":"https:\/\/wise-stone.com\/fr\/"},{"@type":"ListItem","position":2,"name":"Legal notice"}]},{"@type":"WebSite","@id":"https:\/\/wise-stone.com\/fr\/#website","url":"https:\/\/wise-stone.com\/fr\/","name":"WISE STONE | Chasseurs immobiliers Paris & France | A vos c\u00f4t\u00e9s","description":"WISE STONE est une organisation de chasseurs immobiliers agiles et exp\u00e9riment\u00e9s, qui assurent tous les services n\u00e9cessaires pour r\u00e9ussir votre projet immobilier, pour votre votre usage ou pour investir.","publisher":{"@id":"https:\/\/wise-stone.com\/fr\/#organization"},"potentialAction":[{"@type":"SearchAction","target":{"@type":"EntryPoint","urlTemplate":"https:\/\/wise-stone.com\/fr\/?s={search_term_string}"},"query-input":"required name=search_term_string"}],"inLanguage":"fr-FR"},{"@type":"Organization","@id":"https:\/\/wise-stone.com\/fr\/#organization","name":"Wisestone","url":"https:\/\/wise-stone.com\/fr\/","logo":{"@type":"ImageObject","inLanguage":"fr-FR","@id":"https:\/\/wise-stone.com\/fr\/#\/schema\/logo\/image\/","url":"https:\/\/wise-stone.com\/wp-content\/uploads\/2018\/06\/01_Logo-min.png","contentUrl":"https:\/\/wise-stone.com\/wp-content\/uploads\/2018\/06\/01_Logo-min.png","width":358,"height":100,"caption":"Wisestone"},"image":{"@id":"https:\/\/wise-stone.com\/fr\/#\/schema\/logo\/image\/"}}]}},"_links":{"self":[{"href":"https:\/\/wise-stone.com\/fr\/wp-json\/wp\/v2\/pages\/1619"}],"collection":[{"href":"https:\/\/wise-stone.com\/fr\/wp-json\/wp\/v2\/pages"}],"about":[{"href":"https:\/\/wise-stone.com\/fr\/wp-json\/wp\/v2\/types\/page"}],"author":[{"embeddable":true,"href":"https:\/\/wise-stone.com\/fr\/wp-json\/wp\/v2\/users\/1"}],"replies":[{"embeddable":true,"href":"https:\/\/wise-stone.com\/fr\/wp-json\/wp\/v2\/comments?post=1619"}],"version-history":[{"count":10,"href":"https:\/\/wise-stone.com\/fr\/wp-json\/wp\/v2\/pages\/1619\/revisions"}],"predecessor-version":[{"id":2160,"href":"https:\/\/wise-stone.com\/fr\/wp-json\/wp\/v2\/pages\/1619\/revisions\/2160"}],"wp:attachment":[{"href":"https:\/\/wise-stone.com\/fr\/wp-json\/wp\/v2\/media?parent=1619"}],"curies":[{"name":"wp","href":"https:\/\/api.w.org\/{rel}","templated":true}]}}